{"id":407,"date":"2017-04-26T23:04:00","date_gmt":"2017-04-26T23:04:00","guid":{"rendered":"https:\/\/art.art\/?page_id=407"},"modified":"2024-02-28T10:32:43","modified_gmt":"2024-02-28T10:32:43","slug":"terms","status":"publish","type":"page","link":"https:\/\/art.art\/de\/terms","title":{"rendered":"Terms"},"content":{"rendered":"<h1>Allgemeine Gesch\u00e4ftsbedingungen<\/h1>\n<p>Vielen Dank f\u00fcr den Besuch unserer Website. Wenn Sie diese Website weiter durchsuchen und nutzen, stimmen Sie damit verbindlich den folgenden Gesch\u00e4fts- und Nutzungsbedingungen zu, die gemeinsam mit unserer Datenschutzerkl\u00e4rung die Beziehungen zwischen Ihnen und dieser Website regeln. Bitte verwenden Sie unsere Website nur, wenn Sie mit allen Gesch\u00e4ftsbedingungen einverstanden sind.<\/p>\n<p>Die Begriffe &#8220;.art&#8221; oder &#8220;uns&#8221; oder &#8220;wir&#8221; bezeichnen den Eigent\u00fcmer dieser Website mit registriertem Gesch\u00e4ftssitz in 12 Mount Havelock, Douglas, IM1 2QG, Isle of Man. Unsere Handelsregisternummer lautet 002002V. Der Begriff &#8220;Sie&#8221; bezeichnet den Benutzer oder Betrachter unserer Website.<\/p>\n<p>F\u00fcr die Nutzung dieser Website gelten die folgenden Gesch\u00e4ftsbedingungen:<\/p>\n<ul>\n<li>Der Inhalte der Seiten dieser Website dienen nur zu Ihrer allgemeinen Information und k\u00f6nnen sich ohne Vorank\u00fcndigung \u00e4ndern.<\/li>\n<\/ul>\n<ul>\n<li>Diese Website verwendet Cookies, um die Browsereinstellungen zu verfolgen. Wenn Sie die Verwendung von Cookies erlauben, k\u00f6nnen die folgenden pers\u00f6nlichen Informationen durch uns zur Verwendung durch Dritte gespeichert werden:\n<ul>\n<li>Name<\/li>\n<li>E-Mail-Adresse<\/li>\n<li>Beruf<\/li>\n<li>Land<\/li>\n<li>Gew\u00fcnschte .art Dom\u00e4ne<\/li>\n<\/ul>\n<\/li>\n<\/ul>\n<ul>\n<li>Weder wir noch Dritte gew\u00e4hrleisten oder garantieren, dass die auf dieser Website gefundenen oder angebotenen Informationen und Materialien richtig, aktuell, vollst\u00e4ndig oder f\u00fcr einen bestimmten Zweck geeignet sind. Sie stimmen zu, dass solche Informationen und Materialien m\u00f6glicherweise Ungenauigkeiten und Fehler enthalten und wir \u00fcbernehmen im gesetzlich zul\u00e4ssigen Rahmen ausdr\u00fccklich keine Haftung f\u00fcr solche Ungenauigkeiten und Fehler.<\/li>\n<\/ul>\n<ul>\n<li>F\u00fcr die Nutzung der Informationen und Materialien auf dieser Website ist ausschlie\u00dflich der Nutzer selbst verantwortlich und wir \u00fcbernehmen keine Haftung. Sie allein sind daf\u00fcr verantwortlich, dass Produkte, Services oder Informationen, die auf dieser Website angeboten werden, Ihren besonderen Anforderungen entsprechen.<\/li>\n<\/ul>\n<ul>\n<li>Diese Website enth\u00e4lt Material, das von uns lizenziert ist oder uns geh\u00f6rt. Dieses Material beinhaltet unter anderem das Design, das Layout, das Erscheinungsbild und die Grafiken. Die Reproduktion ist ausschlie\u00dflich in \u00dcbereinstimmung mit dem Urheberrechtsverweis erlaubt, der Teil dieser Gesch\u00e4ftsbedingungen ist.<\/li>\n<\/ul>\n<ul>\n<li>Alle auf dieser Website dargestellten Marken, die vom Betreiber nicht lizenziert wurden oder ihm nicht geh\u00f6ren, sind auf der Website gekennzeichnet.<\/li>\n<\/ul>\n<ul>\n<li>Die unerlaubte Nutzung dieser Website kann zu Schadensersatzanspr\u00fcchen f\u00fchren und\/oder als strafbare Handlung gelten.<\/li>\n<\/ul>\n<ul>\n<li>Diese Website kann gelegentlich Links zu anderen Websites enthalten. Diese Links werden zur Verf\u00fcgung gestellt, um Ihnen einen benutzerfreundlichen Zugriff auf weiterf\u00fchrende Informationen zu erm\u00f6glichen. Das bedeutet nicht, dass wir diese Website(s) bef\u00fcrworten. F\u00fcr die Inhalte der verlinkten Website(s) \u00fcbernehmen keine Haftung.<\/li>\n<li>Die Nutzung dieser Website und alle Streitigkeiten, die sich aus dieser Nutzung ergeben, unterliegen den Gesetzen von England, Nordirland, Schottland und Wales.<\/li>\n<\/ul>\n","protected":false},"excerpt":{"rendered":"<p>Allgemeine Gesch\u00e4ftsbedingungen Vielen Dank f\u00fcr den Besuch unserer Website. Wenn Sie diese Website weiter durchsuchen und nutzen, stimmen Sie damit verbindlich den folgenden Gesch\u00e4fts- und Nutzungsbedingungen zu, die gemeinsam mit unserer Datenschutzerkl\u00e4rung die Beziehungen zwischen Ihnen und dieser Website regeln. Bitte verwenden Sie unsere Website nur, wenn Sie mit allen Gesch\u00e4ftsbedingungen einverstanden sind. Die Begriffe [&hellip;]<\/p>\n","protected":false},"author":2,"featured_media":0,"parent":0,"menu_order":7,"comment_status":"closed","ping_status":"closed","template":"terms-template.php","meta":[],"yoast_head":"<!-- This site is optimized with the Yoast SEO plugin v18.9 - https:\/\/yoast.com\/wordpress\/plugins\/seo\/ -->\n<title>Terms - .ART (de)<\/title>\n<meta name=\"description\" content=\"Durch Besuch von .art stimmen Sie den Nutzungsbedingungen inklusive Cookie-Nutzung zu; Inhalte dienen allgemeinen Infos, \u00c4nderungen vorbehalten.\" \/>\n<meta name=\"robots\" content=\"index, follow, max-snippet:-1, max-image-preview:large, max-video-preview:-1\" \/>\n<meta property=\"og:locale\" content=\"en_GB\" \/>\n<meta property=\"og:type\" content=\"article\" \/>\n<meta property=\"og:title\" content=\"Terms - .ART (de)\" \/>\n<meta property=\"og:description\" content=\"Durch Besuch von .art stimmen Sie den Nutzungsbedingungen inklusive Cookie-Nutzung zu; Inhalte dienen allgemeinen Infos, \u00c4nderungen vorbehalten.\" \/>\n<meta property=\"og:url\" content=\"https:\/\/art.art\/de\/terms\/\" \/>\n<meta property=\"og:site_name\" content=\".ART (de)\" \/>\n<meta property=\"article:modified_time\" content=\"2024-02-28T10:32:43+00:00\" \/>\n<meta name=\"twitter:card\" content=\"summary\" \/>\n<meta name=\"twitter:label1\" content=\"Est. reading time\" \/>\n\t<meta name=\"twitter:data1\" content=\"2 minutes\" \/>\n<script type=\"application\/ld+json\" class=\"yoast-schema-graph\">{\"@context\":\"https:\/\/schema.org\",\"@graph\":[{\"@type\":\"WebSite\",\"@id\":\"https:\/\/art.art\/de\/#website\",\"url\":\"https:\/\/art.art\/de\/\",\"name\":\".ART (de)\",\"description\":\"The Art World\u2019s Exclusive Domain\",\"potentialAction\":[{\"@type\":\"SearchAction\",\"target\":{\"@type\":\"EntryPoint\",\"urlTemplate\":\"https:\/\/art.art\/de\/?s={search_term_string}\"},\"query-input\":\"required name=search_term_string\"}],\"inLanguage\":\"de-DE\"},{\"@type\":\"WebPage\",\"@id\":\"https:\/\/art.art\/de\/terms\/#webpage\",\"url\":\"https:\/\/art.art\/de\/terms\/\",\"name\":\"Terms - .ART (de)\",\"isPartOf\":{\"@id\":\"https:\/\/art.art\/de\/#website\"},\"datePublished\":\"2017-04-26T23:04:00+00:00\",\"dateModified\":\"2024-02-28T10:32:43+00:00\",\"description\":\"Durch Besuch von .art stimmen Sie den Nutzungsbedingungen inklusive Cookie-Nutzung zu; Inhalte dienen allgemeinen Infos, \u00c4nderungen vorbehalten.\",\"breadcrumb\":{\"@id\":\"https:\/\/art.art\/de\/terms\/#breadcrumb\"},\"inLanguage\":\"de-DE\",\"potentialAction\":[{\"@type\":\"ReadAction\",\"target\":[\"https:\/\/art.art\/de\/terms\/\"]}]},{\"@type\":\"BreadcrumbList\",\"@id\":\"https:\/\/art.art\/de\/terms\/#breadcrumb\",\"itemListElement\":[{\"@type\":\"ListItem\",\"position\":1,\"name\":\"Home\",\"item\":\"https:\/\/art.art\/de\/\"},{\"@type\":\"ListItem\",\"position\":2,\"name\":\"Terms\"}]}]}<\/script>\n<!-- \/ Yoast SEO plugin. -->","yoast_head_json":{"title":"Terms - .ART (de)","description":"Durch Besuch von .art stimmen Sie den Nutzungsbedingungen inklusive Cookie-Nutzung zu; Inhalte dienen allgemeinen Infos, \u00c4nderungen vorbehalten.","robots":{"index":"index","follow":"follow","max-snippet":"max-snippet:-1","max-image-preview":"max-image-preview:large","max-video-preview":"max-video-preview:-1"},"og_locale":"en_GB","og_type":"article","og_title":"Terms - .ART (de)","og_description":"Durch Besuch von .art stimmen Sie den Nutzungsbedingungen inklusive Cookie-Nutzung zu; Inhalte dienen allgemeinen Infos, \u00c4nderungen vorbehalten.","og_url":"https:\/\/art.art\/de\/terms\/","og_site_name":".ART (de)","article_modified_time":"2024-02-28T10:32:43+00:00","twitter_card":"summary","twitter_misc":{"Est. reading time":"2 minutes"},"schema":{"@context":"https:\/\/schema.org","@graph":[{"@type":"WebSite","@id":"https:\/\/art.art\/de\/#website","url":"https:\/\/art.art\/de\/","name":".ART (de)","description":"The Art World\u2019s Exclusive Domain","potentialAction":[{"@type":"SearchAction","target":{"@type":"EntryPoint","urlTemplate":"https:\/\/art.art\/de\/?s={search_term_string}"},"query-input":"required name=search_term_string"}],"inLanguage":"de-DE"},{"@type":"WebPage","@id":"https:\/\/art.art\/de\/terms\/#webpage","url":"https:\/\/art.art\/de\/terms\/","name":"Terms - .ART (de)","isPartOf":{"@id":"https:\/\/art.art\/de\/#website"},"datePublished":"2017-04-26T23:04:00+00:00","dateModified":"2024-02-28T10:32:43+00:00","description":"Durch Besuch von .art stimmen Sie den Nutzungsbedingungen inklusive Cookie-Nutzung zu; Inhalte dienen allgemeinen Infos, \u00c4nderungen vorbehalten.","breadcrumb":{"@id":"https:\/\/art.art\/de\/terms\/#breadcrumb"},"inLanguage":"de-DE","potentialAction":[{"@type":"ReadAction","target":["https:\/\/art.art\/de\/terms\/"]}]},{"@type":"BreadcrumbList","@id":"https:\/\/art.art\/de\/terms\/#breadcrumb","itemListElement":[{"@type":"ListItem","position":1,"name":"Home","item":"https:\/\/art.art\/de\/"},{"@type":"ListItem","position":2,"name":"Terms"}]}]}},"_links":{"self":[{"href":"https:\/\/art.art\/de\/wp-json\/wp\/v2\/pages\/407"}],"collection":[{"href":"https:\/\/art.art\/de\/wp-json\/wp\/v2\/pages"}],"about":[{"href":"https:\/\/art.art\/de\/wp-json\/wp\/v2\/types\/page"}],"author":[{"embeddable":true,"href":"https:\/\/art.art\/de\/wp-json\/wp\/v2\/users\/2"}],"replies":[{"embeddable":true,"href":"https:\/\/art.art\/de\/wp-json\/wp\/v2\/comments?post=407"}],"version-history":[{"count":4,"href":"https:\/\/art.art\/de\/wp-json\/wp\/v2\/pages\/407\/revisions"}],"predecessor-version":[{"id":613,"href":"https:\/\/art.art\/de\/wp-json\/wp\/v2\/pages\/407\/revisions\/613"}],"wp:attachment":[{"href":"https:\/\/art.art\/de\/wp-json\/wp\/v2\/media?parent=407"}],"curies":[{"name":"wp","href":"https:\/\/api.w.org\/{rel}","templated":true}]}}