{"id":805,"date":"2019-03-13T10:44:56","date_gmt":"2019-03-13T10:44:56","guid":{"rendered":"https:\/\/art.art\/de\/?page_id=805"},"modified":"2019-03-19T12:57:18","modified_gmt":"2019-03-19T12:57:18","slug":"what-is-art","status":"publish","type":"page","link":"https:\/\/art.art\/de\/what-is-art","title":{"rendered":"\u00dcber uns (About) de"},"content":{"rendered":"","protected":false},"excerpt":{"rendered":"","protected":false},"author":22,"featured_media":0,"parent":0,"menu_order":0,"comment_status":"closed","ping_status":"closed","template":"new-about.php","meta":[],"yoast_head":"<!-- This site is optimized with the Yoast SEO plugin v18.9 - https:\/\/yoast.com\/wordpress\/plugins\/seo\/ -->\n<title>\u00dcber das .ART-Projekt - ART<\/title>\n<meta name=\"description\" content=\"RT ist die einzige Domain-Zone, die speziell f\u00fcr die globale Kreativgemeinschaft entwickelt wurde. Hier k\u00f6nnen einzelne K\u00fcnstler, Galerien, Museen, Kunstprojekte, Unternehmenskollektionen und Kunstmedien sich eine klare und pr\u00e4gnante Webadresse registrieren lassen, die sofort ihren Wert und ihr Fachwissen der ganzen Welt vorf\u00fchren wird.\" \/>\n<meta name=\"robots\" content=\"index, follow, max-snippet:-1, max-image-preview:large, max-video-preview:-1\" \/>\n<meta property=\"og:locale\" content=\"en_GB\" \/>\n<meta property=\"og:type\" content=\"article\" \/>\n<meta property=\"og:title\" content=\"\u00dcber das .ART-Projekt - ART\" \/>\n<meta property=\"og:description\" content=\"RT ist die einzige Domain-Zone, die speziell f\u00fcr die globale Kreativgemeinschaft entwickelt wurde. Hier k\u00f6nnen einzelne K\u00fcnstler, Galerien, Museen, Kunstprojekte, Unternehmenskollektionen und Kunstmedien sich eine klare und pr\u00e4gnante Webadresse registrieren lassen, die sofort ihren Wert und ihr Fachwissen der ganzen Welt vorf\u00fchren wird.\" \/>\n<meta property=\"og:url\" content=\"https:\/\/art.art\/de\/what-is-art\/\" \/>\n<meta property=\"og:site_name\" content=\".ART (de)\" \/>\n<meta property=\"article:modified_time\" content=\"2019-03-19T12:57:18+00:00\" \/>\n<meta name=\"twitter:card\" content=\"summary\" \/>\n<script type=\"application\/ld+json\" class=\"yoast-schema-graph\">{\"@context\":\"https:\/\/schema.org\",\"@graph\":[{\"@type\":\"WebSite\",\"@id\":\"https:\/\/art.art\/de\/#website\",\"url\":\"https:\/\/art.art\/de\/\",\"name\":\".ART (de)\",\"description\":\"The Art World\u2019s Exclusive Domain\",\"potentialAction\":[{\"@type\":\"SearchAction\",\"target\":{\"@type\":\"EntryPoint\",\"urlTemplate\":\"https:\/\/art.art\/de\/?s={search_term_string}\"},\"query-input\":\"required name=search_term_string\"}],\"inLanguage\":\"de-DE\"},{\"@type\":\"WebPage\",\"@id\":\"https:\/\/art.art\/de\/what-is-art\/#webpage\",\"url\":\"https:\/\/art.art\/de\/what-is-art\/\",\"name\":\"\u00dcber das .ART-Projekt - ART\",\"isPartOf\":{\"@id\":\"https:\/\/art.art\/de\/#website\"},\"datePublished\":\"2019-03-13T10:44:56+00:00\",\"dateModified\":\"2019-03-19T12:57:18+00:00\",\"description\":\"RT ist die einzige Domain-Zone, die speziell f\u00fcr die globale Kreativgemeinschaft entwickelt wurde. Hier k\u00f6nnen einzelne K\u00fcnstler, Galerien, Museen, Kunstprojekte, Unternehmenskollektionen und Kunstmedien sich eine klare und pr\u00e4gnante Webadresse registrieren lassen, die sofort ihren Wert und ihr Fachwissen der ganzen Welt vorf\u00fchren wird.\",\"breadcrumb\":{\"@id\":\"https:\/\/art.art\/de\/what-is-art\/#breadcrumb\"},\"inLanguage\":\"de-DE\",\"potentialAction\":[{\"@type\":\"ReadAction\",\"target\":[\"https:\/\/art.art\/de\/what-is-art\/\"]}]},{\"@type\":\"BreadcrumbList\",\"@id\":\"https:\/\/art.art\/de\/what-is-art\/#breadcrumb\",\"itemListElement\":[{\"@type\":\"ListItem\",\"position\":1,\"name\":\"Home\",\"item\":\"https:\/\/art.art\/de\/\"},{\"@type\":\"ListItem\",\"position\":2,\"name\":\"\u00dcber uns (About) de\"}]}]}<\/script>\n<!-- \/ Yoast SEO plugin. -->","yoast_head_json":{"title":"\u00dcber das .ART-Projekt - ART","description":"RT ist die einzige Domain-Zone, die speziell f\u00fcr die globale Kreativgemeinschaft entwickelt wurde. Hier k\u00f6nnen einzelne K\u00fcnstler, Galerien, Museen, Kunstprojekte, Unternehmenskollektionen und Kunstmedien sich eine klare und pr\u00e4gnante Webadresse registrieren lassen, die sofort ihren Wert und ihr Fachwissen der ganzen Welt vorf\u00fchren wird.","robots":{"index":"index","follow":"follow","max-snippet":"max-snippet:-1","max-image-preview":"max-image-preview:large","max-video-preview":"max-video-preview:-1"},"og_locale":"en_GB","og_type":"article","og_title":"\u00dcber das .ART-Projekt - ART","og_description":"RT ist die einzige Domain-Zone, die speziell f\u00fcr die globale Kreativgemeinschaft entwickelt wurde. Hier k\u00f6nnen einzelne K\u00fcnstler, Galerien, Museen, Kunstprojekte, Unternehmenskollektionen und Kunstmedien sich eine klare und pr\u00e4gnante Webadresse registrieren lassen, die sofort ihren Wert und ihr Fachwissen der ganzen Welt vorf\u00fchren wird.","og_url":"https:\/\/art.art\/de\/what-is-art\/","og_site_name":".ART (de)","article_modified_time":"2019-03-19T12:57:18+00:00","twitter_card":"summary","schema":{"@context":"https:\/\/schema.org","@graph":[{"@type":"WebSite","@id":"https:\/\/art.art\/de\/#website","url":"https:\/\/art.art\/de\/","name":".ART (de)","description":"The Art World\u2019s Exclusive Domain","potentialAction":[{"@type":"SearchAction","target":{"@type":"EntryPoint","urlTemplate":"https:\/\/art.art\/de\/?s={search_term_string}"},"query-input":"required name=search_term_string"}],"inLanguage":"de-DE"},{"@type":"WebPage","@id":"https:\/\/art.art\/de\/what-is-art\/#webpage","url":"https:\/\/art.art\/de\/what-is-art\/","name":"\u00dcber das .ART-Projekt - ART","isPartOf":{"@id":"https:\/\/art.art\/de\/#website"},"datePublished":"2019-03-13T10:44:56+00:00","dateModified":"2019-03-19T12:57:18+00:00","description":"RT ist die einzige Domain-Zone, die speziell f\u00fcr die globale Kreativgemeinschaft entwickelt wurde. Hier k\u00f6nnen einzelne K\u00fcnstler, Galerien, Museen, Kunstprojekte, Unternehmenskollektionen und Kunstmedien sich eine klare und pr\u00e4gnante Webadresse registrieren lassen, die sofort ihren Wert und ihr Fachwissen der ganzen Welt vorf\u00fchren wird.","breadcrumb":{"@id":"https:\/\/art.art\/de\/what-is-art\/#breadcrumb"},"inLanguage":"de-DE","potentialAction":[{"@type":"ReadAction","target":["https:\/\/art.art\/de\/what-is-art\/"]}]},{"@type":"BreadcrumbList","@id":"https:\/\/art.art\/de\/what-is-art\/#breadcrumb","itemListElement":[{"@type":"ListItem","position":1,"name":"Home","item":"https:\/\/art.art\/de\/"},{"@type":"ListItem","position":2,"name":"\u00dcber uns (About) de"}]}]}},"_links":{"self":[{"href":"https:\/\/art.art\/de\/wp-json\/wp\/v2\/pages\/805"}],"collection":[{"href":"https:\/\/art.art\/de\/wp-json\/wp\/v2\/pages"}],"about":[{"href":"https:\/\/art.art\/de\/wp-json\/wp\/v2\/types\/page"}],"author":[{"embeddable":true,"href":"https:\/\/art.art\/de\/wp-json\/wp\/v2\/users\/22"}],"replies":[{"embeddable":true,"href":"https:\/\/art.art\/de\/wp-json\/wp\/v2\/comments?post=805"}],"version-history":[{"count":2,"href":"https:\/\/art.art\/de\/wp-json\/wp\/v2\/pages\/805\/revisions"}],"predecessor-version":[{"id":1071,"href":"https:\/\/art.art\/de\/wp-json\/wp\/v2\/pages\/805\/revisions\/1071"}],"wp:attachment":[{"href":"https:\/\/art.art\/de\/wp-json\/wp\/v2\/media?parent=805"}],"curies":[{"name":"wp","href":"https:\/\/api.w.org\/{rel}","templated":true}]}}