{"id":859,"date":"2019-03-13T14:28:18","date_gmt":"2019-03-13T14:28:18","guid":{"rendered":"https:\/\/art.art\/de\/?page_id=859"},"modified":"2019-07-31T08:02:59","modified_gmt":"2019-07-31T08:02:59","slug":"community","status":"publish","type":"page","link":"https:\/\/art.art\/de\/community","title":{"rendered":".art yourself \u2014 erweitern Sie Ihren Horizont"},"content":{"rendered":"","protected":false},"excerpt":{"rendered":"","protected":false},"author":22,"featured_media":0,"parent":0,"menu_order":0,"comment_status":"closed","ping_status":"closed","template":"new-community.php","meta":[],"yoast_head":"<!-- This site is optimized with the Yoast SEO plugin v18.9 - https:\/\/yoast.com\/wordpress\/plugins\/seo\/ -->\n<title>Community .ART - ART<\/title>\n<meta name=\"description\" content=\"Egal, ob Sie den besten Kaffee im B\u00fcro zubereiten, die W\u00e4nde Ihres Zimmers in verr\u00fcckten Farben streichen, eine Sammlung von Kakteen mit individuellen Namen haben, Ihre handgemalten T-Shirts online verkaufen oder einfach nur tolle iPhone-Fotos aufnehmen - Sie sind ein K\u00fcnstler.\" \/>\n<meta name=\"robots\" content=\"index, follow, max-snippet:-1, max-image-preview:large, max-video-preview:-1\" \/>\n<meta property=\"og:locale\" content=\"en_GB\" \/>\n<meta property=\"og:type\" content=\"article\" \/>\n<meta property=\"og:title\" content=\"Community .ART - ART\" \/>\n<meta property=\"og:description\" content=\"Egal, ob Sie den besten Kaffee im B\u00fcro zubereiten, die W\u00e4nde Ihres Zimmers in verr\u00fcckten Farben streichen, eine Sammlung von Kakteen mit individuellen Namen haben, Ihre handgemalten T-Shirts online verkaufen oder einfach nur tolle iPhone-Fotos aufnehmen - Sie sind ein K\u00fcnstler.\" \/>\n<meta property=\"og:url\" content=\"https:\/\/art.art\/de\/community\/\" \/>\n<meta property=\"og:site_name\" content=\".ART (de)\" \/>\n<meta property=\"article:modified_time\" content=\"2019-07-31T08:02:59+00:00\" \/>\n<meta name=\"twitter:card\" content=\"summary\" \/>\n<script type=\"application\/ld+json\" class=\"yoast-schema-graph\">{\"@context\":\"https:\/\/schema.org\",\"@graph\":[{\"@type\":\"WebSite\",\"@id\":\"https:\/\/art.art\/de\/#website\",\"url\":\"https:\/\/art.art\/de\/\",\"name\":\".ART (de)\",\"description\":\"The Art World\u2019s Exclusive Domain\",\"potentialAction\":[{\"@type\":\"SearchAction\",\"target\":{\"@type\":\"EntryPoint\",\"urlTemplate\":\"https:\/\/art.art\/de\/?s={search_term_string}\"},\"query-input\":\"required name=search_term_string\"}],\"inLanguage\":\"de-DE\"},{\"@type\":\"WebPage\",\"@id\":\"https:\/\/art.art\/de\/community\/#webpage\",\"url\":\"https:\/\/art.art\/de\/community\/\",\"name\":\"Community .ART - ART\",\"isPartOf\":{\"@id\":\"https:\/\/art.art\/de\/#website\"},\"datePublished\":\"2019-03-13T14:28:18+00:00\",\"dateModified\":\"2019-07-31T08:02:59+00:00\",\"description\":\"Egal, ob Sie den besten Kaffee im B\u00fcro zubereiten, die W\u00e4nde Ihres Zimmers in verr\u00fcckten Farben streichen, eine Sammlung von Kakteen mit individuellen Namen haben, Ihre handgemalten T-Shirts online verkaufen oder einfach nur tolle iPhone-Fotos aufnehmen - Sie sind ein K\u00fcnstler.\",\"breadcrumb\":{\"@id\":\"https:\/\/art.art\/de\/community\/#breadcrumb\"},\"inLanguage\":\"de-DE\",\"potentialAction\":[{\"@type\":\"ReadAction\",\"target\":[\"https:\/\/art.art\/de\/community\/\"]}]},{\"@type\":\"BreadcrumbList\",\"@id\":\"https:\/\/art.art\/de\/community\/#breadcrumb\",\"itemListElement\":[{\"@type\":\"ListItem\",\"position\":1,\"name\":\"Home\",\"item\":\"https:\/\/art.art\/de\/\"},{\"@type\":\"ListItem\",\"position\":2,\"name\":\"Community (community) de\"}]}]}<\/script>\n<!-- \/ Yoast SEO plugin. -->","yoast_head_json":{"title":"Community .ART - ART","description":"Egal, ob Sie den besten Kaffee im B\u00fcro zubereiten, die W\u00e4nde Ihres Zimmers in verr\u00fcckten Farben streichen, eine Sammlung von Kakteen mit individuellen Namen haben, Ihre handgemalten T-Shirts online verkaufen oder einfach nur tolle iPhone-Fotos aufnehmen - Sie sind ein K\u00fcnstler.","robots":{"index":"index","follow":"follow","max-snippet":"max-snippet:-1","max-image-preview":"max-image-preview:large","max-video-preview":"max-video-preview:-1"},"og_locale":"en_GB","og_type":"article","og_title":"Community .ART - ART","og_description":"Egal, ob Sie den besten Kaffee im B\u00fcro zubereiten, die W\u00e4nde Ihres Zimmers in verr\u00fcckten Farben streichen, eine Sammlung von Kakteen mit individuellen Namen haben, Ihre handgemalten T-Shirts online verkaufen oder einfach nur tolle iPhone-Fotos aufnehmen - Sie sind ein K\u00fcnstler.","og_url":"https:\/\/art.art\/de\/community\/","og_site_name":".ART (de)","article_modified_time":"2019-07-31T08:02:59+00:00","twitter_card":"summary","schema":{"@context":"https:\/\/schema.org","@graph":[{"@type":"WebSite","@id":"https:\/\/art.art\/de\/#website","url":"https:\/\/art.art\/de\/","name":".ART (de)","description":"The Art World\u2019s Exclusive Domain","potentialAction":[{"@type":"SearchAction","target":{"@type":"EntryPoint","urlTemplate":"https:\/\/art.art\/de\/?s={search_term_string}"},"query-input":"required name=search_term_string"}],"inLanguage":"de-DE"},{"@type":"WebPage","@id":"https:\/\/art.art\/de\/community\/#webpage","url":"https:\/\/art.art\/de\/community\/","name":"Community .ART - ART","isPartOf":{"@id":"https:\/\/art.art\/de\/#website"},"datePublished":"2019-03-13T14:28:18+00:00","dateModified":"2019-07-31T08:02:59+00:00","description":"Egal, ob Sie den besten Kaffee im B\u00fcro zubereiten, die W\u00e4nde Ihres Zimmers in verr\u00fcckten Farben streichen, eine Sammlung von Kakteen mit individuellen Namen haben, Ihre handgemalten T-Shirts online verkaufen oder einfach nur tolle iPhone-Fotos aufnehmen - Sie sind ein K\u00fcnstler.","breadcrumb":{"@id":"https:\/\/art.art\/de\/community\/#breadcrumb"},"inLanguage":"de-DE","potentialAction":[{"@type":"ReadAction","target":["https:\/\/art.art\/de\/community\/"]}]},{"@type":"BreadcrumbList","@id":"https:\/\/art.art\/de\/community\/#breadcrumb","itemListElement":[{"@type":"ListItem","position":1,"name":"Home","item":"https:\/\/art.art\/de\/"},{"@type":"ListItem","position":2,"name":"Community (community) de"}]}]}},"_links":{"self":[{"href":"https:\/\/art.art\/de\/wp-json\/wp\/v2\/pages\/859"}],"collection":[{"href":"https:\/\/art.art\/de\/wp-json\/wp\/v2\/pages"}],"about":[{"href":"https:\/\/art.art\/de\/wp-json\/wp\/v2\/types\/page"}],"author":[{"embeddable":true,"href":"https:\/\/art.art\/de\/wp-json\/wp\/v2\/users\/22"}],"replies":[{"embeddable":true,"href":"https:\/\/art.art\/de\/wp-json\/wp\/v2\/comments?post=859"}],"version-history":[{"count":8,"href":"https:\/\/art.art\/de\/wp-json\/wp\/v2\/pages\/859\/revisions"}],"predecessor-version":[{"id":1137,"href":"https:\/\/art.art\/de\/wp-json\/wp\/v2\/pages\/859\/revisions\/1137"}],"wp:attachment":[{"href":"https:\/\/art.art\/de\/wp-json\/wp\/v2\/media?parent=859"}],"curies":[{"name":"wp","href":"https:\/\/api.w.org\/{rel}","templated":true}]}}