{"id":407,"date":"2017-04-26T23:04:00","date_gmt":"2017-04-26T23:04:00","guid":{"rendered":"https:\/\/art.art\/?page_id=407"},"modified":"2024-02-28T09:42:06","modified_gmt":"2024-02-28T09:42:06","slug":"terms","status":"publish","type":"page","link":"https:\/\/art.art\/es\/terms","title":{"rendered":"Terms"},"content":{"rendered":"<h1>T\u00e9rminos y condiciones<\/h1>\n<p>Gracias por visitar nuestro sitio web. Si usted contin\u00faa navegando y utilizando este sitio web, acepta adherirse y estar vinculado a los siguientes t\u00e9rminos y condiciones de uso, que junto con nuestra pol\u00edtica de privacidad rigen la relaci\u00f3n de .art con usted en relaci\u00f3n con este sitio web. Si no est\u00e1 de acuerdo con alguna parte de estos t\u00e9rminos y condiciones, por favor, no utilice nuestro sitio web.<\/p>\n<p>El t\u00e9rmino &#8220;.art&#8221; o &#8220;nosotros&#8221; se refiere al propietario del sitio web cuya oficina registrada est\u00e1 en 12 Mount Havelock, Douglas, IM1, 2QG, Isle of Man. El n\u00famero de registro de nuestra empresa es 002002V. El t\u00e9rmino &#8220;usted&#8221; se refiere al usuario o al visitante de nuestro sitio web.<\/p>\n<p>El uso de este sitio web est\u00e1 sujeto a los siguientes t\u00e9rminos y condiciones:<\/p>\n<ul>\n<li>El contenido de la p\u00e1gina es para su informaci\u00f3n y uso general \u00fanicamente y est\u00e1 sujeto a cambio sin previo aviso.<\/li>\n<\/ul>\n<ul>\n<li>Este sitio web utiliza cookies para monitorizar las preferencias de navegaci\u00f3n. Si permite usar las cookies, la siguiente informaci\u00f3n personal puede ser almacenada para su uso por terceros:\n<ul>\n<li>Nombre<\/li>\n<li>Direcci\u00f3n de correo electr\u00f3nico<\/li>\n<li>Profesi\u00f3n<\/li>\n<li>Pa\u00eds<\/li>\n<li>Dominio .art deseado<\/li>\n<\/ul>\n<\/li>\n<\/ul>\n<ul>\n<li>Ni nosotros ni cualquier tercera parte proporcionamos ninguna garant\u00eda sobre la precisi\u00f3n, puntualidad, rendimiento, integridad o adecuaci\u00f3n de la informaci\u00f3n y materiales encontrados u ofrecidos en este sitio web para ning\u00fan fin concreto. Usted reconoce que dicha informaci\u00f3n y materiales pueden contener imprecisiones o errores, y excluimos expresamente la responsabilidad por dichas imprecisiones o errores hasta el m\u00e1ximo permitido por la ley.<\/li>\n<\/ul>\n<ul>\n<li>Su uso de la informaci\u00f3n o materiales contenidos en este sitio web es bajo su cuenta y riesgo, por lo cual no seremos responsables. Ser\u00e1 su propia responsabilidad asegurar que todos los productos, servicios o informaci\u00f3n disponibles en el sitio web se adaptan a sus requisitos espec\u00edficos.<\/li>\n<\/ul>\n<ul>\n<li>Este sitio web contiene material que de nuestra propiedad o para el que contamos con licencia. Este material incluye, sin limitaci\u00f3n, el dise\u00f1o, distribuci\u00f3n, aspecto, apariencia y gr\u00e1ficos. Se proh\u00edbe la reproducci\u00f3n a menos que sea de acuerdo con el aviso de derechos de autor, que forma parte de estos t\u00e9rminos y condiciones.<\/li>\n<\/ul>\n<ul>\n<li>Todas las marcas comerciales reproducidas en este sitio web que no sean propiedad del operador o para las que este no tenga licencia se reconocen en el sitio web.<\/li>\n<\/ul>\n<ul>\n<li>El uso no autorizado de este sitio web puede hacer surgir una reclamaci\u00f3n por da\u00f1os y\/o ser una ofensa criminal.<\/li>\n<\/ul>\n<ul>\n<li>De vez en cuando, este sitio web puede incluir enlaces a otros sitios. Estos enlaces se proporcionan para su conveniencia para proporcionar m\u00e1s informaci\u00f3n. No significa que recomendamos el sitio web. No tenemos responsabilidad por el contenido del sitio web vinculado.<\/li>\n<li>Su uso del sitio web y cualquier disputa que surja de dicho uso del sitio web est\u00e1 sujeto a las leyes de Inglaterra, Irlanda del Norte, Escocia y Gales.<\/li>\n<\/ul>\n","protected":false},"excerpt":{"rendered":"<p>T\u00e9rminos y condiciones Gracias por visitar nuestro sitio web. Si usted contin\u00faa navegando y utilizando este sitio web, acepta adherirse y estar vinculado a los siguientes t\u00e9rminos y condiciones de uso, que junto con nuestra pol\u00edtica de privacidad rigen la relaci\u00f3n de .art con usted en relaci\u00f3n con este sitio web. Si no est\u00e1 de [&hellip;]<\/p>\n","protected":false},"author":2,"featured_media":0,"parent":0,"menu_order":7,"comment_status":"closed","ping_status":"closed","template":"terms-template.php","meta":[],"yoast_head":"<!-- This site is optimized with the Yoast SEO plugin v18.9 - https:\/\/yoast.com\/wordpress\/plugins\/seo\/ -->\n<title>Terms - .ART (es)<\/title>\n<meta name=\"description\" content=\"Al visitar .art, aceptas los t\u00e9rminos de uso, incluido el uso de cookies; el contenido es informativo y est\u00e1 sujeto a cambios.\" \/>\n<meta name=\"robots\" content=\"index, follow, max-snippet:-1, max-image-preview:large, max-video-preview:-1\" \/>\n<meta property=\"og:locale\" content=\"en_GB\" \/>\n<meta property=\"og:type\" content=\"article\" \/>\n<meta property=\"og:title\" content=\"Terms - .ART (es)\" \/>\n<meta property=\"og:description\" content=\"Al visitar .art, aceptas los t\u00e9rminos de uso, incluido el uso de cookies; el contenido es informativo y est\u00e1 sujeto a cambios.\" \/>\n<meta property=\"og:url\" content=\"https:\/\/art.art\/es\/terms\/\" \/>\n<meta property=\"og:site_name\" content=\".ART (es)\" \/>\n<meta property=\"article:modified_time\" content=\"2024-02-28T09:42:06+00:00\" \/>\n<meta name=\"twitter:card\" content=\"summary\" \/>\n<meta name=\"twitter:label1\" content=\"Est. reading time\" \/>\n\t<meta name=\"twitter:data1\" content=\"3 minutes\" \/>\n<script type=\"application\/ld+json\" class=\"yoast-schema-graph\">{\"@context\":\"https:\/\/schema.org\",\"@graph\":[{\"@type\":\"WebSite\",\"@id\":\"https:\/\/art.art\/es\/#website\",\"url\":\"https:\/\/art.art\/es\/\",\"name\":\".ART (es)\",\"description\":\"The Art World\u2019s Exclusive Domain\",\"potentialAction\":[{\"@type\":\"SearchAction\",\"target\":{\"@type\":\"EntryPoint\",\"urlTemplate\":\"https:\/\/art.art\/es\/?s={search_term_string}\"},\"query-input\":\"required name=search_term_string\"}],\"inLanguage\":\"es-ES\"},{\"@type\":\"WebPage\",\"@id\":\"https:\/\/art.art\/es\/terms\/#webpage\",\"url\":\"https:\/\/art.art\/es\/terms\/\",\"name\":\"Terms - .ART (es)\",\"isPartOf\":{\"@id\":\"https:\/\/art.art\/es\/#website\"},\"datePublished\":\"2017-04-26T23:04:00+00:00\",\"dateModified\":\"2024-02-28T09:42:06+00:00\",\"description\":\"Al visitar .art, aceptas los t\u00e9rminos de uso, incluido el uso de cookies; el contenido es informativo y est\u00e1 sujeto a cambios.\",\"breadcrumb\":{\"@id\":\"https:\/\/art.art\/es\/terms\/#breadcrumb\"},\"inLanguage\":\"es-ES\",\"potentialAction\":[{\"@type\":\"ReadAction\",\"target\":[\"https:\/\/art.art\/es\/terms\/\"]}]},{\"@type\":\"BreadcrumbList\",\"@id\":\"https:\/\/art.art\/es\/terms\/#breadcrumb\",\"itemListElement\":[{\"@type\":\"ListItem\",\"position\":1,\"name\":\"Home\",\"item\":\"https:\/\/art.art\/es\/\"},{\"@type\":\"ListItem\",\"position\":2,\"name\":\"Terms\"}]}]}<\/script>\n<!-- \/ Yoast SEO plugin. -->","yoast_head_json":{"title":"Terms - .ART (es)","description":"Al visitar .art, aceptas los t\u00e9rminos de uso, incluido el uso de cookies; el contenido es informativo y est\u00e1 sujeto a cambios.","robots":{"index":"index","follow":"follow","max-snippet":"max-snippet:-1","max-image-preview":"max-image-preview:large","max-video-preview":"max-video-preview:-1"},"og_locale":"en_GB","og_type":"article","og_title":"Terms - .ART (es)","og_description":"Al visitar .art, aceptas los t\u00e9rminos de uso, incluido el uso de cookies; el contenido es informativo y est\u00e1 sujeto a cambios.","og_url":"https:\/\/art.art\/es\/terms\/","og_site_name":".ART (es)","article_modified_time":"2024-02-28T09:42:06+00:00","twitter_card":"summary","twitter_misc":{"Est. reading time":"3 minutes"},"schema":{"@context":"https:\/\/schema.org","@graph":[{"@type":"WebSite","@id":"https:\/\/art.art\/es\/#website","url":"https:\/\/art.art\/es\/","name":".ART (es)","description":"The Art World\u2019s Exclusive Domain","potentialAction":[{"@type":"SearchAction","target":{"@type":"EntryPoint","urlTemplate":"https:\/\/art.art\/es\/?s={search_term_string}"},"query-input":"required name=search_term_string"}],"inLanguage":"es-ES"},{"@type":"WebPage","@id":"https:\/\/art.art\/es\/terms\/#webpage","url":"https:\/\/art.art\/es\/terms\/","name":"Terms - .ART (es)","isPartOf":{"@id":"https:\/\/art.art\/es\/#website"},"datePublished":"2017-04-26T23:04:00+00:00","dateModified":"2024-02-28T09:42:06+00:00","description":"Al visitar .art, aceptas los t\u00e9rminos de uso, incluido el uso de cookies; el contenido es informativo y est\u00e1 sujeto a cambios.","breadcrumb":{"@id":"https:\/\/art.art\/es\/terms\/#breadcrumb"},"inLanguage":"es-ES","potentialAction":[{"@type":"ReadAction","target":["https:\/\/art.art\/es\/terms\/"]}]},{"@type":"BreadcrumbList","@id":"https:\/\/art.art\/es\/terms\/#breadcrumb","itemListElement":[{"@type":"ListItem","position":1,"name":"Home","item":"https:\/\/art.art\/es\/"},{"@type":"ListItem","position":2,"name":"Terms"}]}]}},"_links":{"self":[{"href":"https:\/\/art.art\/es\/wp-json\/wp\/v2\/pages\/407"}],"collection":[{"href":"https:\/\/art.art\/es\/wp-json\/wp\/v2\/pages"}],"about":[{"href":"https:\/\/art.art\/es\/wp-json\/wp\/v2\/types\/page"}],"author":[{"embeddable":true,"href":"https:\/\/art.art\/es\/wp-json\/wp\/v2\/users\/2"}],"replies":[{"embeddable":true,"href":"https:\/\/art.art\/es\/wp-json\/wp\/v2\/comments?post=407"}],"version-history":[{"count":6,"href":"https:\/\/art.art\/es\/wp-json\/wp\/v2\/pages\/407\/revisions"}],"predecessor-version":[{"id":620,"href":"https:\/\/art.art\/es\/wp-json\/wp\/v2\/pages\/407\/revisions\/620"}],"wp:attachment":[{"href":"https:\/\/art.art\/es\/wp-json\/wp\/v2\/media?parent=407"}],"curies":[{"name":"wp","href":"https:\/\/api.w.org\/{rel}","templated":true}]}}