{"id":865,"date":"2019-03-15T14:32:58","date_gmt":"2019-03-15T14:32:58","guid":{"rendered":"https:\/\/art.art\/es\/?page_id=865"},"modified":"2019-07-31T08:00:00","modified_gmt":"2019-07-31T08:00:00","slug":"community","status":"publish","type":"page","link":"https:\/\/art.art\/es\/community","title":{"rendered":".art usted \u2014 ampl\u00ede sus horizontes"},"content":{"rendered":"","protected":false},"excerpt":{"rendered":"","protected":false},"author":22,"featured_media":0,"parent":0,"menu_order":0,"comment_status":"closed","ping_status":"closed","template":"new-community.php","meta":[],"yoast_head":"<!-- This site is optimized with the Yoast SEO plugin v18.9 - https:\/\/yoast.com\/wordpress\/plugins\/seo\/ -->\n<title>Comunidad .ART - ART<\/title>\n<meta name=\"description\" content=\"Sabes preparar el mejor caf\u00e9 en la oficina, pintas las paredes de tu habitaci\u00f3n en colores locos, tienes una colecci\u00f3n de cactus con nombres, vendes tus camisetas pintadas a mano en l\u00ednea o simplemente haces fotos impresionantes con tu iPhone? Eres un artista.\" \/>\n<meta name=\"robots\" content=\"index, follow, max-snippet:-1, max-image-preview:large, max-video-preview:-1\" \/>\n<meta property=\"og:locale\" content=\"en_GB\" \/>\n<meta property=\"og:type\" content=\"article\" \/>\n<meta property=\"og:title\" content=\"Comunidad .ART - ART\" \/>\n<meta property=\"og:description\" content=\"Sabes preparar el mejor caf\u00e9 en la oficina, pintas las paredes de tu habitaci\u00f3n en colores locos, tienes una colecci\u00f3n de cactus con nombres, vendes tus camisetas pintadas a mano en l\u00ednea o simplemente haces fotos impresionantes con tu iPhone? Eres un artista.\" \/>\n<meta property=\"og:url\" content=\"https:\/\/art.art\/es\/community\/\" \/>\n<meta property=\"og:site_name\" content=\".ART (es)\" \/>\n<meta property=\"article:modified_time\" content=\"2019-07-31T08:00:00+00:00\" \/>\n<meta name=\"twitter:card\" content=\"summary\" \/>\n<script type=\"application\/ld+json\" class=\"yoast-schema-graph\">{\"@context\":\"https:\/\/schema.org\",\"@graph\":[{\"@type\":\"WebSite\",\"@id\":\"https:\/\/art.art\/es\/#website\",\"url\":\"https:\/\/art.art\/es\/\",\"name\":\".ART (es)\",\"description\":\"The Art World\u2019s Exclusive Domain\",\"potentialAction\":[{\"@type\":\"SearchAction\",\"target\":{\"@type\":\"EntryPoint\",\"urlTemplate\":\"https:\/\/art.art\/es\/?s={search_term_string}\"},\"query-input\":\"required name=search_term_string\"}],\"inLanguage\":\"es-ES\"},{\"@type\":\"WebPage\",\"@id\":\"https:\/\/art.art\/es\/community\/#webpage\",\"url\":\"https:\/\/art.art\/es\/community\/\",\"name\":\"Comunidad .ART - ART\",\"isPartOf\":{\"@id\":\"https:\/\/art.art\/es\/#website\"},\"datePublished\":\"2019-03-15T14:32:58+00:00\",\"dateModified\":\"2019-07-31T08:00:00+00:00\",\"description\":\"Sabes preparar el mejor caf\u00e9 en la oficina, pintas las paredes de tu habitaci\u00f3n en colores locos, tienes una colecci\u00f3n de cactus con nombres, vendes tus camisetas pintadas a mano en l\u00ednea o simplemente haces fotos impresionantes con tu iPhone? Eres un artista.\",\"breadcrumb\":{\"@id\":\"https:\/\/art.art\/es\/community\/#breadcrumb\"},\"inLanguage\":\"es-ES\",\"potentialAction\":[{\"@type\":\"ReadAction\",\"target\":[\"https:\/\/art.art\/es\/community\/\"]}]},{\"@type\":\"BreadcrumbList\",\"@id\":\"https:\/\/art.art\/es\/community\/#breadcrumb\",\"itemListElement\":[{\"@type\":\"ListItem\",\"position\":1,\"name\":\"Home\",\"item\":\"https:\/\/art.art\/es\/\"},{\"@type\":\"ListItem\",\"position\":2,\"name\":\"Comunidad (Community) es\"}]}]}<\/script>\n<!-- \/ Yoast SEO plugin. -->","yoast_head_json":{"title":"Comunidad .ART - ART","description":"Sabes preparar el mejor caf\u00e9 en la oficina, pintas las paredes de tu habitaci\u00f3n en colores locos, tienes una colecci\u00f3n de cactus con nombres, vendes tus camisetas pintadas a mano en l\u00ednea o simplemente haces fotos impresionantes con tu iPhone? Eres un artista.","robots":{"index":"index","follow":"follow","max-snippet":"max-snippet:-1","max-image-preview":"max-image-preview:large","max-video-preview":"max-video-preview:-1"},"og_locale":"en_GB","og_type":"article","og_title":"Comunidad .ART - ART","og_description":"Sabes preparar el mejor caf\u00e9 en la oficina, pintas las paredes de tu habitaci\u00f3n en colores locos, tienes una colecci\u00f3n de cactus con nombres, vendes tus camisetas pintadas a mano en l\u00ednea o simplemente haces fotos impresionantes con tu iPhone? Eres un artista.","og_url":"https:\/\/art.art\/es\/community\/","og_site_name":".ART (es)","article_modified_time":"2019-07-31T08:00:00+00:00","twitter_card":"summary","schema":{"@context":"https:\/\/schema.org","@graph":[{"@type":"WebSite","@id":"https:\/\/art.art\/es\/#website","url":"https:\/\/art.art\/es\/","name":".ART (es)","description":"The Art World\u2019s Exclusive Domain","potentialAction":[{"@type":"SearchAction","target":{"@type":"EntryPoint","urlTemplate":"https:\/\/art.art\/es\/?s={search_term_string}"},"query-input":"required name=search_term_string"}],"inLanguage":"es-ES"},{"@type":"WebPage","@id":"https:\/\/art.art\/es\/community\/#webpage","url":"https:\/\/art.art\/es\/community\/","name":"Comunidad .ART - ART","isPartOf":{"@id":"https:\/\/art.art\/es\/#website"},"datePublished":"2019-03-15T14:32:58+00:00","dateModified":"2019-07-31T08:00:00+00:00","description":"Sabes preparar el mejor caf\u00e9 en la oficina, pintas las paredes de tu habitaci\u00f3n en colores locos, tienes una colecci\u00f3n de cactus con nombres, vendes tus camisetas pintadas a mano en l\u00ednea o simplemente haces fotos impresionantes con tu iPhone? Eres un artista.","breadcrumb":{"@id":"https:\/\/art.art\/es\/community\/#breadcrumb"},"inLanguage":"es-ES","potentialAction":[{"@type":"ReadAction","target":["https:\/\/art.art\/es\/community\/"]}]},{"@type":"BreadcrumbList","@id":"https:\/\/art.art\/es\/community\/#breadcrumb","itemListElement":[{"@type":"ListItem","position":1,"name":"Home","item":"https:\/\/art.art\/es\/"},{"@type":"ListItem","position":2,"name":"Comunidad (Community) es"}]}]}},"_links":{"self":[{"href":"https:\/\/art.art\/es\/wp-json\/wp\/v2\/pages\/865"}],"collection":[{"href":"https:\/\/art.art\/es\/wp-json\/wp\/v2\/pages"}],"about":[{"href":"https:\/\/art.art\/es\/wp-json\/wp\/v2\/types\/page"}],"author":[{"embeddable":true,"href":"https:\/\/art.art\/es\/wp-json\/wp\/v2\/users\/22"}],"replies":[{"embeddable":true,"href":"https:\/\/art.art\/es\/wp-json\/wp\/v2\/comments?post=865"}],"version-history":[{"count":4,"href":"https:\/\/art.art\/es\/wp-json\/wp\/v2\/pages\/865\/revisions"}],"predecessor-version":[{"id":1180,"href":"https:\/\/art.art\/es\/wp-json\/wp\/v2\/pages\/865\/revisions\/1180"}],"wp:attachment":[{"href":"https:\/\/art.art\/es\/wp-json\/wp\/v2\/media?parent=865"}],"curies":[{"name":"wp","href":"https:\/\/api.w.org\/{rel}","templated":true}]}}