{"id":407,"date":"2017-04-26T23:04:00","date_gmt":"2017-04-26T23:04:00","guid":{"rendered":"https:\/\/art.art\/?page_id=407"},"modified":"2024-02-28T09:25:55","modified_gmt":"2024-02-28T09:25:55","slug":"terms","status":"publish","type":"page","link":"https:\/\/art.art\/fr\/terms","title":{"rendered":"Terms"},"content":{"rendered":"<h1>Termes et conditions<\/h1>\n<p>Merci d&#8217;avoir visit\u00e9 notre site Web. En poursuivant votre navigation et utilisation de ce site Web, vous acceptez de vous conformer et de vous lier \u00e0 ces termes et conditions d&#8217;utilisation qui r\u00e9gissent votre relation avec .art en liaison avec ce site Web sous notre politique de confidentialit\u00e9. Si vous \u00eates en d\u00e9saccord avec une quelconque partie de ces termes et conditions, merci de ne pas utiliser notre site Web.<\/p>\n<p>Les termes \u00ab\u00a0.art\u00a0\u00bb et \u00ab\u00a0nous\u00a0\u00bb d\u00e9signent le propri\u00e9taire du site Web dont le si\u00e8ge social est situ\u00e9 au 12 Mount Havelock, Douglas, IM1 2QG, \u00cele de Man. Notre num\u00e9ro d&#8217;enregistrement de soci\u00e9t\u00e9 est 002002V. Le terme \u00ab\u00a0vous\u00a0\u00bb d\u00e9signe l&#8217;utilisateur ou visionneur de notre site Web.<\/p>\n<p>L&#8217;utilisation de ce site Web est soumise aux termes et conditions suivants\u00a0:<\/p>\n<ul>\n<li>Le contenu de la page est destin\u00e9 \u00e0 votre information et utilisation g\u00e9n\u00e9rales uniquement et est sujet \u00e0 modification sans pr\u00e9avis.<\/li>\n<\/ul>\n<ul>\n<li>Ce site Web utilise les cookies dans le suivi des pr\u00e9f\u00e9rences de navigation. Si vous autorisez l&#8217;utilisation des cookies, les informations personnelles suivantes peuvent \u00eatre stock\u00e9es par nous pour l&#8217;utilisation par des tiers\u00a0:\n<ul>\n<li>Nom<\/li>\n<li>Adresse \u00e9lectronique<\/li>\n<li>Profession<\/li>\n<li>Pays<\/li>\n<li>Domaine .art souhait\u00e9<\/li>\n<\/ul>\n<\/li>\n<\/ul>\n<ul>\n<li>Ni nous ni aucune tierce partie n&#8217;offrons de garantie quant \u00e0 l&#8217;exactitude, au caract\u00e8re actuel, \u00e0 la performance, \u00e0 l&#8217;exhaustivit\u00e9 ou \u00e0 la pertinence des informations et documents pr\u00e9sent\u00e9s par ce site Web, quel qu&#8217;en soit leur objet. Vous reconnaissez que toute information ou mat\u00e9riel peut contenir des inexactitudes ou erreurs et nous excluons express\u00e9ment toute responsabilit\u00e9 pour toute inexactitude ou erreur dans toute mesure permise par la loi.<\/li>\n<\/ul>\n<ul>\n<li>Votre utilisation de toute information ou mat\u00e9riel sur ce site Web s&#8217;effectue \u00e0 vos propres risques pour lesquels nous ne seront pas tenus responsables. Il en va de votre responsabilit\u00e9 de garantir que les produits, services et informations disponibles sur ce site Web soient \u00e0 la hauteur de vos exigences sp\u00e9cifiques.<\/li>\n<\/ul>\n<ul>\n<li>Ce site Web contient un mat\u00e9riel d\u00e9tenu ou licenci\u00e9 par nous-m\u00eame. Ce mat\u00e9riel comprend non exclusivement le design, la mise en page, l&#8217;aspect, l&#8217;apparence et le graphisme. Toute reproduction est interdite autrement qu&#8217;en vertu de l&#8217;avis de droit d&#8217;auteur qui fait partie de ces termes et conditions.<\/li>\n<\/ul>\n<ul>\n<li>Toutes les marques reproduites dans ce site Web qui ne sont pas notre propri\u00e9t\u00e9 ou licenci\u00e9es par .art sont reconnues sur le site Web.<\/li>\n<\/ul>\n<ul>\n<li>L&#8217;utilisation non autoris\u00e9e de ce site web peut r\u00e9sulter en une r\u00e9clamation pour dommages et\/ou constituer une infraction p\u00e9nale.<\/li>\n<\/ul>\n<ul>\n<li>Le site Web peut \u00e0 tout moment inclure des liens vers d&#8217;autres sites. Ces liens sont fournis \u00e0 titre informatif et pour votre commodit\u00e9. Ils n&#8217;impliquent pas notre promotion de ces sites Web. Nous ne sommes pas responsables du contenus des liens vers ces sites Web.<\/li>\n<li>Votre utilisation de ce site Web et tout conflit \u00e9mergeant de cette utilisation sont r\u00e9gis par les lois d&#8217;Angleterre, d&#8217;Irlande du Nord, d&#8217;\u00c9cosse et du Pays du Galles.<\/li>\n<\/ul>\n","protected":false},"excerpt":{"rendered":"<p>Termes et conditions Merci d&#8217;avoir visit\u00e9 notre site Web. En poursuivant votre navigation et utilisation de ce site Web, vous acceptez de vous conformer et de vous lier \u00e0 ces termes et conditions d&#8217;utilisation qui r\u00e9gissent votre relation avec .art en liaison avec ce site Web sous notre politique de confidentialit\u00e9. Si vous \u00eates en [&hellip;]<\/p>\n","protected":false},"author":2,"featured_media":0,"parent":0,"menu_order":7,"comment_status":"closed","ping_status":"closed","template":"terms-template.php","meta":[],"yoast_head":"<!-- This site is optimized with the Yoast SEO plugin v18.9 - https:\/\/yoast.com\/wordpress\/plugins\/seo\/ -->\n<title>Terms - .ART (fr)<\/title>\n<meta name=\"description\" content=\"En visitant .art, vous acceptez les conditions d&#039;utilisation, y compris l&#039;utilisation de cookies ; les contenus sont informatifs et sujets \u00e0 modification.\" \/>\n<meta name=\"robots\" content=\"index, follow, max-snippet:-1, max-image-preview:large, max-video-preview:-1\" \/>\n<meta property=\"og:locale\" content=\"en_GB\" \/>\n<meta property=\"og:type\" content=\"article\" \/>\n<meta property=\"og:title\" content=\"Terms - .ART (fr)\" \/>\n<meta property=\"og:description\" content=\"En visitant .art, vous acceptez les conditions d&#039;utilisation, y compris l&#039;utilisation de cookies ; les contenus sont informatifs et sujets \u00e0 modification.\" \/>\n<meta property=\"og:url\" content=\"https:\/\/art.art\/fr\/terms\/\" \/>\n<meta property=\"og:site_name\" content=\".ART (fr)\" \/>\n<meta property=\"article:modified_time\" content=\"2024-02-28T09:25:55+00:00\" \/>\n<meta name=\"twitter:card\" content=\"summary\" \/>\n<meta name=\"twitter:label1\" content=\"Est. reading time\" \/>\n\t<meta name=\"twitter:data1\" content=\"2 minutes\" \/>\n<script type=\"application\/ld+json\" class=\"yoast-schema-graph\">{\"@context\":\"https:\/\/schema.org\",\"@graph\":[{\"@type\":\"WebSite\",\"@id\":\"https:\/\/art.art\/fr\/#website\",\"url\":\"https:\/\/art.art\/fr\/\",\"name\":\".ART (fr)\",\"description\":\"The Art World\u2019s Exclusive Domain\",\"potentialAction\":[{\"@type\":\"SearchAction\",\"target\":{\"@type\":\"EntryPoint\",\"urlTemplate\":\"https:\/\/art.art\/fr\/?s={search_term_string}\"},\"query-input\":\"required name=search_term_string\"}],\"inLanguage\":\"fr-FR\"},{\"@type\":\"WebPage\",\"@id\":\"https:\/\/art.art\/fr\/terms\/#webpage\",\"url\":\"https:\/\/art.art\/fr\/terms\/\",\"name\":\"Terms - .ART (fr)\",\"isPartOf\":{\"@id\":\"https:\/\/art.art\/fr\/#website\"},\"datePublished\":\"2017-04-26T23:04:00+00:00\",\"dateModified\":\"2024-02-28T09:25:55+00:00\",\"description\":\"En visitant .art, vous acceptez les conditions d'utilisation, y compris l'utilisation de cookies ; les contenus sont informatifs et sujets \u00e0 modification.\",\"breadcrumb\":{\"@id\":\"https:\/\/art.art\/fr\/terms\/#breadcrumb\"},\"inLanguage\":\"fr-FR\",\"potentialAction\":[{\"@type\":\"ReadAction\",\"target\":[\"https:\/\/art.art\/fr\/terms\/\"]}]},{\"@type\":\"BreadcrumbList\",\"@id\":\"https:\/\/art.art\/fr\/terms\/#breadcrumb\",\"itemListElement\":[{\"@type\":\"ListItem\",\"position\":1,\"name\":\"Home\",\"item\":\"https:\/\/art.art\/fr\/\"},{\"@type\":\"ListItem\",\"position\":2,\"name\":\"Terms\"}]}]}<\/script>\n<!-- \/ Yoast SEO plugin. -->","yoast_head_json":{"title":"Terms - .ART (fr)","description":"En visitant .art, vous acceptez les conditions d'utilisation, y compris l'utilisation de cookies ; les contenus sont informatifs et sujets \u00e0 modification.","robots":{"index":"index","follow":"follow","max-snippet":"max-snippet:-1","max-image-preview":"max-image-preview:large","max-video-preview":"max-video-preview:-1"},"og_locale":"en_GB","og_type":"article","og_title":"Terms - .ART (fr)","og_description":"En visitant .art, vous acceptez les conditions d'utilisation, y compris l'utilisation de cookies ; les contenus sont informatifs et sujets \u00e0 modification.","og_url":"https:\/\/art.art\/fr\/terms\/","og_site_name":".ART (fr)","article_modified_time":"2024-02-28T09:25:55+00:00","twitter_card":"summary","twitter_misc":{"Est. reading time":"2 minutes"},"schema":{"@context":"https:\/\/schema.org","@graph":[{"@type":"WebSite","@id":"https:\/\/art.art\/fr\/#website","url":"https:\/\/art.art\/fr\/","name":".ART (fr)","description":"The Art World\u2019s Exclusive Domain","potentialAction":[{"@type":"SearchAction","target":{"@type":"EntryPoint","urlTemplate":"https:\/\/art.art\/fr\/?s={search_term_string}"},"query-input":"required name=search_term_string"}],"inLanguage":"fr-FR"},{"@type":"WebPage","@id":"https:\/\/art.art\/fr\/terms\/#webpage","url":"https:\/\/art.art\/fr\/terms\/","name":"Terms - .ART (fr)","isPartOf":{"@id":"https:\/\/art.art\/fr\/#website"},"datePublished":"2017-04-26T23:04:00+00:00","dateModified":"2024-02-28T09:25:55+00:00","description":"En visitant .art, vous acceptez les conditions d'utilisation, y compris l'utilisation de cookies ; les contenus sont informatifs et sujets \u00e0 modification.","breadcrumb":{"@id":"https:\/\/art.art\/fr\/terms\/#breadcrumb"},"inLanguage":"fr-FR","potentialAction":[{"@type":"ReadAction","target":["https:\/\/art.art\/fr\/terms\/"]}]},{"@type":"BreadcrumbList","@id":"https:\/\/art.art\/fr\/terms\/#breadcrumb","itemListElement":[{"@type":"ListItem","position":1,"name":"Home","item":"https:\/\/art.art\/fr\/"},{"@type":"ListItem","position":2,"name":"Terms"}]}]}},"_links":{"self":[{"href":"https:\/\/art.art\/fr\/wp-json\/wp\/v2\/pages\/407"}],"collection":[{"href":"https:\/\/art.art\/fr\/wp-json\/wp\/v2\/pages"}],"about":[{"href":"https:\/\/art.art\/fr\/wp-json\/wp\/v2\/types\/page"}],"author":[{"embeddable":true,"href":"https:\/\/art.art\/fr\/wp-json\/wp\/v2\/users\/2"}],"replies":[{"embeddable":true,"href":"https:\/\/art.art\/fr\/wp-json\/wp\/v2\/comments?post=407"}],"version-history":[{"count":5,"href":"https:\/\/art.art\/fr\/wp-json\/wp\/v2\/pages\/407\/revisions"}],"predecessor-version":[{"id":616,"href":"https:\/\/art.art\/fr\/wp-json\/wp\/v2\/pages\/407\/revisions\/616"}],"wp:attachment":[{"href":"https:\/\/art.art\/fr\/wp-json\/wp\/v2\/media?parent=407"}],"curies":[{"name":"wp","href":"https:\/\/api.w.org\/{rel}","templated":true}]}}