{"id":881,"date":"2019-03-14T09:13:52","date_gmt":"2019-03-14T09:13:52","guid":{"rendered":"https:\/\/art.art\/fr\/?page_id=881"},"modified":"2019-07-31T07:57:21","modified_gmt":"2019-07-31T07:57:21","slug":"community","status":"publish","type":"page","link":"https:\/\/art.art\/fr\/community","title":{"rendered":".art vous-m\u00eame \u2014 \u00e9largissez vos horizons"},"content":{"rendered":"","protected":false},"excerpt":{"rendered":"","protected":false},"author":22,"featured_media":0,"parent":0,"menu_order":0,"comment_status":"closed","ping_status":"closed","template":"new-community.php","meta":[],"yoast_head":"<!-- This site is optimized with the Yoast SEO plugin v18.9 - https:\/\/yoast.com\/wordpress\/plugins\/seo\/ -->\n<title>Communaut\u00e9 .ART - ART<\/title>\n<meta name=\"description\" content=\"Vous pr\u00e9parez le meilleur caf\u00e9 au bureau, vous peignez les murs de votre chambre avec des couleurs folles, vous avez une collection de cactus portant des noms, vous vendez vos t-shirts peints \u00e0 la main en ligne ou vous prenez simplement de superbes photos sur iPhone - donc vous \u00eates un artiste.\" \/>\n<meta name=\"robots\" content=\"index, follow, max-snippet:-1, max-image-preview:large, max-video-preview:-1\" \/>\n<meta property=\"og:locale\" content=\"en_GB\" \/>\n<meta property=\"og:type\" content=\"article\" \/>\n<meta property=\"og:title\" content=\"Communaut\u00e9 .ART - ART\" \/>\n<meta property=\"og:description\" content=\"Vous pr\u00e9parez le meilleur caf\u00e9 au bureau, vous peignez les murs de votre chambre avec des couleurs folles, vous avez une collection de cactus portant des noms, vous vendez vos t-shirts peints \u00e0 la main en ligne ou vous prenez simplement de superbes photos sur iPhone - donc vous \u00eates un artiste.\" \/>\n<meta property=\"og:url\" content=\"https:\/\/art.art\/fr\/community\/\" \/>\n<meta property=\"og:site_name\" content=\".ART (fr)\" \/>\n<meta property=\"article:modified_time\" content=\"2019-07-31T07:57:21+00:00\" \/>\n<meta name=\"twitter:card\" content=\"summary\" \/>\n<script type=\"application\/ld+json\" class=\"yoast-schema-graph\">{\"@context\":\"https:\/\/schema.org\",\"@graph\":[{\"@type\":\"WebSite\",\"@id\":\"https:\/\/art.art\/fr\/#website\",\"url\":\"https:\/\/art.art\/fr\/\",\"name\":\".ART (fr)\",\"description\":\"The Art World\u2019s Exclusive Domain\",\"potentialAction\":[{\"@type\":\"SearchAction\",\"target\":{\"@type\":\"EntryPoint\",\"urlTemplate\":\"https:\/\/art.art\/fr\/?s={search_term_string}\"},\"query-input\":\"required name=search_term_string\"}],\"inLanguage\":\"fr-FR\"},{\"@type\":\"WebPage\",\"@id\":\"https:\/\/art.art\/fr\/community\/#webpage\",\"url\":\"https:\/\/art.art\/fr\/community\/\",\"name\":\"Communaut\u00e9 .ART - ART\",\"isPartOf\":{\"@id\":\"https:\/\/art.art\/fr\/#website\"},\"datePublished\":\"2019-03-14T09:13:52+00:00\",\"dateModified\":\"2019-07-31T07:57:21+00:00\",\"description\":\"Vous pr\u00e9parez le meilleur caf\u00e9 au bureau, vous peignez les murs de votre chambre avec des couleurs folles, vous avez une collection de cactus portant des noms, vous vendez vos t-shirts peints \u00e0 la main en ligne ou vous prenez simplement de superbes photos sur iPhone - donc vous \u00eates un artiste.\",\"breadcrumb\":{\"@id\":\"https:\/\/art.art\/fr\/community\/#breadcrumb\"},\"inLanguage\":\"fr-FR\",\"potentialAction\":[{\"@type\":\"ReadAction\",\"target\":[\"https:\/\/art.art\/fr\/community\/\"]}]},{\"@type\":\"BreadcrumbList\",\"@id\":\"https:\/\/art.art\/fr\/community\/#breadcrumb\",\"itemListElement\":[{\"@type\":\"ListItem\",\"position\":1,\"name\":\"Home\",\"item\":\"https:\/\/art.art\/fr\/\"},{\"@type\":\"ListItem\",\"position\":2,\"name\":\"Communaut\u00e9 (Community) fr\"}]}]}<\/script>\n<!-- \/ Yoast SEO plugin. -->","yoast_head_json":{"title":"Communaut\u00e9 .ART - ART","description":"Vous pr\u00e9parez le meilleur caf\u00e9 au bureau, vous peignez les murs de votre chambre avec des couleurs folles, vous avez une collection de cactus portant des noms, vous vendez vos t-shirts peints \u00e0 la main en ligne ou vous prenez simplement de superbes photos sur iPhone - donc vous \u00eates un artiste.","robots":{"index":"index","follow":"follow","max-snippet":"max-snippet:-1","max-image-preview":"max-image-preview:large","max-video-preview":"max-video-preview:-1"},"og_locale":"en_GB","og_type":"article","og_title":"Communaut\u00e9 .ART - ART","og_description":"Vous pr\u00e9parez le meilleur caf\u00e9 au bureau, vous peignez les murs de votre chambre avec des couleurs folles, vous avez une collection de cactus portant des noms, vous vendez vos t-shirts peints \u00e0 la main en ligne ou vous prenez simplement de superbes photos sur iPhone - donc vous \u00eates un artiste.","og_url":"https:\/\/art.art\/fr\/community\/","og_site_name":".ART (fr)","article_modified_time":"2019-07-31T07:57:21+00:00","twitter_card":"summary","schema":{"@context":"https:\/\/schema.org","@graph":[{"@type":"WebSite","@id":"https:\/\/art.art\/fr\/#website","url":"https:\/\/art.art\/fr\/","name":".ART (fr)","description":"The Art World\u2019s Exclusive Domain","potentialAction":[{"@type":"SearchAction","target":{"@type":"EntryPoint","urlTemplate":"https:\/\/art.art\/fr\/?s={search_term_string}"},"query-input":"required name=search_term_string"}],"inLanguage":"fr-FR"},{"@type":"WebPage","@id":"https:\/\/art.art\/fr\/community\/#webpage","url":"https:\/\/art.art\/fr\/community\/","name":"Communaut\u00e9 .ART - ART","isPartOf":{"@id":"https:\/\/art.art\/fr\/#website"},"datePublished":"2019-03-14T09:13:52+00:00","dateModified":"2019-07-31T07:57:21+00:00","description":"Vous pr\u00e9parez le meilleur caf\u00e9 au bureau, vous peignez les murs de votre chambre avec des couleurs folles, vous avez une collection de cactus portant des noms, vous vendez vos t-shirts peints \u00e0 la main en ligne ou vous prenez simplement de superbes photos sur iPhone - donc vous \u00eates un artiste.","breadcrumb":{"@id":"https:\/\/art.art\/fr\/community\/#breadcrumb"},"inLanguage":"fr-FR","potentialAction":[{"@type":"ReadAction","target":["https:\/\/art.art\/fr\/community\/"]}]},{"@type":"BreadcrumbList","@id":"https:\/\/art.art\/fr\/community\/#breadcrumb","itemListElement":[{"@type":"ListItem","position":1,"name":"Home","item":"https:\/\/art.art\/fr\/"},{"@type":"ListItem","position":2,"name":"Communaut\u00e9 (Community) fr"}]}]}},"_links":{"self":[{"href":"https:\/\/art.art\/fr\/wp-json\/wp\/v2\/pages\/881"}],"collection":[{"href":"https:\/\/art.art\/fr\/wp-json\/wp\/v2\/pages"}],"about":[{"href":"https:\/\/art.art\/fr\/wp-json\/wp\/v2\/types\/page"}],"author":[{"embeddable":true,"href":"https:\/\/art.art\/fr\/wp-json\/wp\/v2\/users\/22"}],"replies":[{"embeddable":true,"href":"https:\/\/art.art\/fr\/wp-json\/wp\/v2\/comments?post=881"}],"version-history":[{"count":6,"href":"https:\/\/art.art\/fr\/wp-json\/wp\/v2\/pages\/881\/revisions"}],"predecessor-version":[{"id":1129,"href":"https:\/\/art.art\/fr\/wp-json\/wp\/v2\/pages\/881\/revisions\/1129"}],"wp:attachment":[{"href":"https:\/\/art.art\/fr\/wp-json\/wp\/v2\/media?parent=881"}],"curies":[{"name":"wp","href":"https:\/\/api.w.org\/{rel}","templated":true}]}}