{"id":969,"date":"2019-03-14T12:35:38","date_gmt":"2019-03-14T12:35:38","guid":{"rendered":"https:\/\/art.art\/fr\/?page_id=969"},"modified":"2019-03-20T08:03:33","modified_gmt":"2019-03-20T08:03:33","slug":"contact","status":"publish","type":"page","link":"https:\/\/art.art\/fr\/contact","title":{"rendered":"Contacts (Contacts) fr"},"content":{"rendered":"","protected":false},"excerpt":{"rendered":"[contact-form-7 id=\"972\" title=\"New contact\"]\n","protected":false},"author":22,"featured_media":0,"parent":0,"menu_order":0,"comment_status":"closed","ping_status":"closed","template":"new-contact.php","meta":[],"yoast_head":"<!-- This site is optimized with the Yoast SEO plugin v18.9 - https:\/\/yoast.com\/wordpress\/plugins\/seo\/ -->\n<title>Contacts - ART.ART<\/title>\n<meta name=\"description\" content=\"En savoir plus sur les possibilit\u00e9s de coop\u00e9ration \/ Obtenir de l&#039;aide pour l&#039;acquisition d&#039;un domaine ou d&#039;autres op\u00e9rations \/ Faites-nous savoir si vous souhaitez que nous \u00e9crivions sur vous sur notre blog ou sur nos r\u00e9seaux sociaux ou que \u00e9criviez vous-m\u00eame sur nous !\" \/>\n<meta name=\"robots\" content=\"index, follow, max-snippet:-1, max-image-preview:large, max-video-preview:-1\" \/>\n<meta property=\"og:locale\" content=\"en_GB\" \/>\n<meta property=\"og:type\" content=\"article\" \/>\n<meta property=\"og:title\" content=\"Contacts - ART.ART\" \/>\n<meta property=\"og:description\" content=\"En savoir plus sur les possibilit\u00e9s de coop\u00e9ration \/ Obtenir de l&#039;aide pour l&#039;acquisition d&#039;un domaine ou d&#039;autres op\u00e9rations \/ Faites-nous savoir si vous souhaitez que nous \u00e9crivions sur vous sur notre blog ou sur nos r\u00e9seaux sociaux ou que \u00e9criviez vous-m\u00eame sur nous !\" \/>\n<meta property=\"og:url\" content=\"https:\/\/art.art\/fr\/contact\/\" \/>\n<meta property=\"og:site_name\" content=\".ART (fr)\" \/>\n<meta property=\"article:modified_time\" content=\"2019-03-20T08:03:33+00:00\" \/>\n<meta name=\"twitter:card\" content=\"summary\" \/>\n<script type=\"application\/ld+json\" class=\"yoast-schema-graph\">{\"@context\":\"https:\/\/schema.org\",\"@graph\":[{\"@type\":\"WebSite\",\"@id\":\"https:\/\/art.art\/fr\/#website\",\"url\":\"https:\/\/art.art\/fr\/\",\"name\":\".ART (fr)\",\"description\":\"The Art World\u2019s Exclusive Domain\",\"potentialAction\":[{\"@type\":\"SearchAction\",\"target\":{\"@type\":\"EntryPoint\",\"urlTemplate\":\"https:\/\/art.art\/fr\/?s={search_term_string}\"},\"query-input\":\"required name=search_term_string\"}],\"inLanguage\":\"fr-FR\"},{\"@type\":\"WebPage\",\"@id\":\"https:\/\/art.art\/fr\/contact\/#webpage\",\"url\":\"https:\/\/art.art\/fr\/contact\/\",\"name\":\"Contacts - ART.ART\",\"isPartOf\":{\"@id\":\"https:\/\/art.art\/fr\/#website\"},\"datePublished\":\"2019-03-14T12:35:38+00:00\",\"dateModified\":\"2019-03-20T08:03:33+00:00\",\"description\":\"En savoir plus sur les possibilit\u00e9s de coop\u00e9ration \/ Obtenir de l'aide pour l'acquisition d'un domaine ou d'autres op\u00e9rations \/ Faites-nous savoir si vous souhaitez que nous \u00e9crivions sur vous sur notre blog ou sur nos r\u00e9seaux sociaux ou que \u00e9criviez vous-m\u00eame sur nous !\",\"breadcrumb\":{\"@id\":\"https:\/\/art.art\/fr\/contact\/#breadcrumb\"},\"inLanguage\":\"fr-FR\",\"potentialAction\":[{\"@type\":\"ReadAction\",\"target\":[\"https:\/\/art.art\/fr\/contact\/\"]}]},{\"@type\":\"BreadcrumbList\",\"@id\":\"https:\/\/art.art\/fr\/contact\/#breadcrumb\",\"itemListElement\":[{\"@type\":\"ListItem\",\"position\":1,\"name\":\"Home\",\"item\":\"https:\/\/art.art\/fr\/\"},{\"@type\":\"ListItem\",\"position\":2,\"name\":\"Contacts (Contacts) fr\"}]}]}<\/script>\n<!-- \/ Yoast SEO plugin. -->","yoast_head_json":{"title":"Contacts - ART.ART","description":"En savoir plus sur les possibilit\u00e9s de coop\u00e9ration \/ Obtenir de l'aide pour l'acquisition d'un domaine ou d'autres op\u00e9rations \/ Faites-nous savoir si vous souhaitez que nous \u00e9crivions sur vous sur notre blog ou sur nos r\u00e9seaux sociaux ou que \u00e9criviez vous-m\u00eame sur nous !","robots":{"index":"index","follow":"follow","max-snippet":"max-snippet:-1","max-image-preview":"max-image-preview:large","max-video-preview":"max-video-preview:-1"},"og_locale":"en_GB","og_type":"article","og_title":"Contacts - ART.ART","og_description":"En savoir plus sur les possibilit\u00e9s de coop\u00e9ration \/ Obtenir de l'aide pour l'acquisition d'un domaine ou d'autres op\u00e9rations \/ Faites-nous savoir si vous souhaitez que nous \u00e9crivions sur vous sur notre blog ou sur nos r\u00e9seaux sociaux ou que \u00e9criviez vous-m\u00eame sur nous !","og_url":"https:\/\/art.art\/fr\/contact\/","og_site_name":".ART (fr)","article_modified_time":"2019-03-20T08:03:33+00:00","twitter_card":"summary","schema":{"@context":"https:\/\/schema.org","@graph":[{"@type":"WebSite","@id":"https:\/\/art.art\/fr\/#website","url":"https:\/\/art.art\/fr\/","name":".ART (fr)","description":"The Art World\u2019s Exclusive Domain","potentialAction":[{"@type":"SearchAction","target":{"@type":"EntryPoint","urlTemplate":"https:\/\/art.art\/fr\/?s={search_term_string}"},"query-input":"required name=search_term_string"}],"inLanguage":"fr-FR"},{"@type":"WebPage","@id":"https:\/\/art.art\/fr\/contact\/#webpage","url":"https:\/\/art.art\/fr\/contact\/","name":"Contacts - ART.ART","isPartOf":{"@id":"https:\/\/art.art\/fr\/#website"},"datePublished":"2019-03-14T12:35:38+00:00","dateModified":"2019-03-20T08:03:33+00:00","description":"En savoir plus sur les possibilit\u00e9s de coop\u00e9ration \/ Obtenir de l'aide pour l'acquisition d'un domaine ou d'autres op\u00e9rations \/ Faites-nous savoir si vous souhaitez que nous \u00e9crivions sur vous sur notre blog ou sur nos r\u00e9seaux sociaux ou que \u00e9criviez vous-m\u00eame sur nous !","breadcrumb":{"@id":"https:\/\/art.art\/fr\/contact\/#breadcrumb"},"inLanguage":"fr-FR","potentialAction":[{"@type":"ReadAction","target":["https:\/\/art.art\/fr\/contact\/"]}]},{"@type":"BreadcrumbList","@id":"https:\/\/art.art\/fr\/contact\/#breadcrumb","itemListElement":[{"@type":"ListItem","position":1,"name":"Home","item":"https:\/\/art.art\/fr\/"},{"@type":"ListItem","position":2,"name":"Contacts (Contacts) fr"}]}]}},"_links":{"self":[{"href":"https:\/\/art.art\/fr\/wp-json\/wp\/v2\/pages\/969"}],"collection":[{"href":"https:\/\/art.art\/fr\/wp-json\/wp\/v2\/pages"}],"about":[{"href":"https:\/\/art.art\/fr\/wp-json\/wp\/v2\/types\/page"}],"author":[{"embeddable":true,"href":"https:\/\/art.art\/fr\/wp-json\/wp\/v2\/users\/22"}],"replies":[{"embeddable":true,"href":"https:\/\/art.art\/fr\/wp-json\/wp\/v2\/comments?post=969"}],"version-history":[{"count":4,"href":"https:\/\/art.art\/fr\/wp-json\/wp\/v2\/pages\/969\/revisions"}],"predecessor-version":[{"id":1088,"href":"https:\/\/art.art\/fr\/wp-json\/wp\/v2\/pages\/969\/revisions\/1088"}],"wp:attachment":[{"href":"https:\/\/art.art\/fr\/wp-json\/wp\/v2\/media?parent=969"}],"curies":[{"name":"wp","href":"https:\/\/api.w.org\/{rel}","templated":true}]}}